{"id":13,"date":"2021-05-06T16:13:08","date_gmt":"2021-05-06T14:13:08","guid":{"rendered":"https:\/\/www.v-challenge.at\/index.php\/one-page-express\/"},"modified":"2022-07-23T10:37:35","modified_gmt":"2022-07-23T08:37:35","slug":"one-page-express","status":"publish","type":"page","link":"https:\/\/www.v-challenge.at\/","title":{"rendered":"Front Page"},"content":{"rendered":"<div id=\"overlapable-2\" class=\"features-coloured-icon-boxes-section\" style=\"background-color: #ffffff;\" data-label=\"Overlapable\" data-id=\"stripped-coloured-icon-boxes\" data-category=\"overlapable\" data-overlap=\"true\">\n<div class=\"gridContainer\">\n<div class=\"features-coloured-icon-boxes-innerrow flexbox-list dark-text\" data-type=\"row\">\n<div class=\"features-coloured-icon-boxes-featurecol cp3cols\">\n<h4 class=\"\">Das Event<\/h4>\n<p class=\"\">Eure Gesundheit liegt uns sehr am Herzen, deshalb haben wir vergangenes Jahr die Octapharma V-Challenge ins Leben gerufen. Gemeinsam wollen wir einander motivieren, fit und vital zu bleiben und im Zuge der Challenge gemeinsam die Welt bereisen. Es gibt drei Disziplinen und jeder zur\u00fcckgelegte Kilometer z\u00e4hlt. Nach Ablauf der Challenge werden die besten Teams und Einzelwertungen in jeder Disziplin belohnt. Und unter allen Teilnehmenden tolle Sachpreise verlost.<\/p>\n\n<\/div>\n<div class=\"features-coloured-icon-boxes-featurecol cp3cols\">\n<h4 class=\"\">Die Anmeldung<\/h4>\n<p class=\"\">Ihr meldet euch als Octapharma Wien Mitarbeiter*in \u00fcber den Link an. Mit euren festgelegten Profil-Daten k\u00f6nnt ihr euch nun jederzeit direkt \u00fcber die Webseite in die Base einloggen. Hier k\u00f6nnt ihr eure Startnummer generieren und personalisieren, das Profil bearbeiten und jederzeit euer Ranking einsehen. Die Tracking App kann ebenso \u00fcber die Base heruntergeladen werden. Ihr habt auch die M\u00f6glichkeit, alternative Tracking Optionen zu nutzen. Das Ergebnis k\u00f6nnt ihr im Nachhinein in der Base hochladen (bis max. 48 Stunden sp\u00e4ter!), hier findet ihr noch einmal eine zus\u00e4tzliche Erkl\u00e4rung zum Upload-Prozess. Nach dem Event k\u00f6nnt ihr hier auch eure pers\u00f6nlich generierte Urkunde downloaden.<\/p>\n\n<\/div>\n<div class=\"features-coloured-icon-boxes-featurecol cp3cols\">\n<h4 class=\"\">Die Base<\/h4>\nMit euren festgelegten Profil-Daten k\u00f6nnt ihr euch nun jederzeit direkt \u00fcber die Webseite in die Base einloggen und das Event verfolgen. Innerhalb der Base bekommt ihr die M\u00f6glichkeit, die Tracking App herunterzuladen, eure Startnummer nicht nur zu generieren, sondern auch zu personalisieren. Auch euer Teilnehmerprofil kann jeder Zeit bearbeitet und durch ein pers\u00f6nliches Profilbild vervollst\u00e4ndigt werden. Ihr habt die M\u00f6glichkeit, unterschiedlichen Teams bis zum 15. Juli beizutreten und euch gegenseitig zu motivieren. Ihr k\u00f6nnt bereits bestehenden Teams beitreten oder selbst eine Gruppe ins Leben rufen. Sowohl das Team- als auch das Einzelranking kann in der Base eingesehen werden. Nach dem Event wird euch eure personalisierte Urkunde \u00fcber die Base bereitgestellt, sodass ihr das Dokument ganz einfach herunterladen k\u00f6nnt.\n\n<\/div>\n<div class=\"features-coloured-icon-boxes-featurecol cp3cols\">\n<h4 class=\"\">Die Tracking App<\/h4>\nIm Rahmen der Octapharma V-Challenge k\u00f6nnt ihr die M\u00f6glichkeit nutzen, die Event Tracking-App \u201eV-Run\u201c zu nutzen. Die Zugangsdaten sind hier identisch zu eurem Teilnehmerprofil innerhalb der Base. Beim Starten der App m\u00fcsst ihr euch entscheiden, in welcher der drei Disziplinen ihr antreten m\u00f6chtet, dr\u00fcckt im Anschluss den Start-Button und schon kann es losgehen! Nachdem ihr eure gew\u00fcnschte Distanz absolviert habt, dr\u00fcckt ihr den Stop-Button und schon werden eure gesammelten Kilometer automatisiert sowohl f\u00fcr das Einzel- als auch f\u00fcr das Gruppenergebnis ber\u00fccksichtigt. Es m\u00fcssen mindestens 500 m zur\u00fcckgelegt werden, damit das Ergebnis gewertet wird!\n\n<\/div>\n<\/div>\n<\/div>\n<\/div>\n<div id=\"about-1\" class=\"about-big-images-section\" style=\"background-color: #f6f6f6;\" data-label=\"About\" data-id=\"about-big-images-section\" data-category=\"about\">\n<div class=\"\">\n<div class=\"about-big-images-textrow\">\n<div class=\"about-big-images-textcol dynamic-color\" data-type=\"column\">\n<h2 class=\"\">Die zweite Runde der Octapharma V-Challenge<\/h2>\n<h3 class=\"\">Gemeinsam k\u00f6nnen wir alles schaffen!<\/h3>\n<p class=\"\">Auch in diesem Jahr m\u00f6chten wir unseren Zusammenhalt durch das sportliche Beisammensein st\u00e4rken und den Teamgeist in den Fokus r\u00fccken. Auch in diesem Jahr treten wir bei der Octapharma V-Challenge als gro\u00dfes Team an. Jeder Lauf, jede Radtour und jeder Walk z\u00e4hlt und wird am Ende bei der Gesamtkilometeranzahl ber\u00fccksichtigt. Zusammen wollen wir unsere Leistung aus dem Vorjahr verbessern und gemeinsam einen weiteren Erfolg feiern!<\/p>\n<p class=\"\">Am 15. Juni f\u00e4llt der Startschuss f\u00fcr die Challenge. Von nun an werden alle Kilometer unabh\u00e4ngig von der Disziplin getrackt und f\u00fcr das Gesamtergebnis ber\u00fccksichtigt. Es besteht die M\u00f6glichkeit, an allen Disziplinen teilzunehmen. Um euch gegenseitig noch mehr zu motivieren, k\u00f6nnt ihr bis zum 15. Juli unterschiedlichen Teams beitreten.<\/p>\n<p class=\"\">Unser Ziel? Zusammen gro\u00dfes schaffen!<\/p>\n<p class=\"\">Wir starten mit einer gemeinsamen Mission: zusammen m\u00f6chten wir es bis zum 10. September schaffen, jedem Octapharma Standort weltweit einen virtuellen Besuch abzustatten. Im Challenge Zeitraum versuchen wir das Ergebnis des letzten Jahres zu toppen und eine Gesamtstrecke von mindestens 100.000 Kilometern erfolgreich zu absolvieren. Wir sind bereit, alles zu geben und zusammen mit euch unser Ziel zu erreichen.<\/p>\n<iframe id=\"octaworld\" class=\"\" style=\"height: 1232.61px;\" src=\"https:\/\/www.v-run.de\/gpxviewer\/octaworld.asp\" scrolling=\"no\" width=\"100%\" height=\"1232.61px\"><\/iframe>\n\n<\/div>\n<\/div>\n<\/div>\n<div class=\"about-big-images-bottomrow\">\n<div class=\"about-big-images-leftimgcol\"><img decoding=\"async\" class=\"about-big-images-leftimg\" src=\"https:\/\/www.v-challenge.at\/wp-content\/uploads\/2021\/05\/Laeufergruppe.jpg\" alt=\"\"><\/div>\n<div class=\"about-big-images-centerimgcol\"><img decoding=\"async\" class=\"about-big-images-centerimg\" src=\"https:\/\/www.v-challenge.at\/wp-content\/uploads\/2021\/05\/octapharma-wien.jpg\" alt=\"\"><\/div>\n<div class=\"about-big-images-rightimgcol\"><img decoding=\"async\" class=\"about-big-images-rightimg\" src=\"https:\/\/www.v-challenge.at\/wp-content\/uploads\/2021\/05\/Zieleinlauf_web.jpg\" alt=\"\"><\/div>\n<\/div>\n<\/div>\n<div id=\"features-2\" class=\"features-image-cards-section\" style=\"background-color: #ffffff;\" data-label=\"Features\" data-id=\"features-image-cards-section\" data-category=\"features\">\n<div class=\"gridContainer\">\n<div class=\"features-image-cards-textrow\">\n<div class=\"features-image-cards-textcol dynamic-color\" data-type=\"column\">\n<h2 class=\"\">Die drei Disziplinen<\/h2>\nAuch dieses Jahr werden die drei Disziplinen aus dem Vorjahr beibehalten: Laufen, Walken und Radfahren. W\u00e4hrend der Challenge haben alle Teilnehmenden die M\u00f6glichkeit, sowohl allein als auch im Team in jeder der drei Disziplinen anzutreten und immer wieder Kilometer zu sammeln, um das gemeinsame Ziel zu erreichen.\n\nDie Schnelligkeit spielt im Rahmen der Challenge keine Rolle. Am Ende z\u00e4hlt nur, wie viele Kilometer Octapharma Wien gemeinsam gesammelt hat und ob wir es geschafft haben, weltweit jedem Octapharma Standort einen virtuellen Besuch abzustatten. Wir legen den Fokus darauf, gemeinsam Spa\u00df zu haben und unsere Mobilit\u00e4t sowie die Gesundheit zu f\u00f6rdern.\n<h3 class=\"\">\nMacht euch bereit f\u00fcr die zweite Runde der Octapharma V-Challenge!<\/h3>\n<\/div>\n<\/div>\n<div class=\"features-image-cards-innerrow flexbox-list dark-text\" data-type=\"row\">\n<div class=\"features-image-cards-cardcol cp4cols cp6cols-tablet\">\n<div class=\"features-image-cards-cardrow\"><img decoding=\"async\" class=\"features-image-cards-featimg\" src=\"https:\/\/www.v-challenge.at\/wp-content\/uploads\/2021\/05\/Icons_cmyk-blau-01.png\" alt=\"\">\n<div class=\"features-image-cards-cardtextrow\" data-type=\"column\">\n\n<hr class=\"features-image-cards-separator\">\n\n<\/div>\n<\/div>\n<\/div>\n<div class=\"features-image-cards-cardcol cp4cols cp6cols-tablet\">\n<div class=\"features-image-cards-cardrow\"><img decoding=\"async\" class=\"features-image-cards-featimg\" src=\"https:\/\/www.v-challenge.at\/wp-content\/uploads\/2021\/05\/Icons_cmyk-blau-02.png\" alt=\"\">\n<div class=\"features-image-cards-cardtextrow\" data-type=\"column\">\n\n<hr class=\"features-image-cards-separator\">\n\n<\/div>\n<\/div>\n<\/div>\n<div class=\"features-image-cards-cardcol cp4cols cp6cols-tablet\">\n<div class=\"features-image-cards-cardrow\"><img decoding=\"async\" class=\"features-image-cards-featimg\" src=\"https:\/\/www.v-challenge.at\/wp-content\/uploads\/2021\/05\/Icons_cmyk-blau-03.png\" alt=\"\">\n<div class=\"features-image-cards-cardtextrow\" data-type=\"column\">\n\n<hr class=\"features-image-cards-separator\">\n\n<\/div>\n<\/div>\n<\/div>\n<\/div>\n<\/div>\n<\/div>\n<div id=\"content-4\" class=\"content-right-image-section content-image-right\" style=\"background-color: #f6f6f6;\" data-label=\"Content\" data-id=\"content-image-right\" data-category=\"content\">\n<div class=\"gridContainer\">\n<div class=\"content-right-image-gridcol\">\n<div class=\"content-right-image-textcol dynamic-color\" data-type=\"column\">\n<h2 class=\"\">Noch Fragen?<\/h2>\n<p class=\"large_text\">Du ben\u00f6tigst technischen Support in Bezug auf die App, Webseite oder die Teilnehmer-Base?<\/p>\n<p class=\"\">Dann wende dich einfach an : <a href=\"mailto:lj@fairever-events.com\">lj@fairever-events.com<\/a><\/p>\n\n<\/div>\n<div class=\"\" style=\"text-align: center;\" data-type=\"column\">\n\n<img decoding=\"async\" class=\"custom-image\" src=\"https:\/\/www.v-challenge.at\/wp-content\/uploads\/2021\/06\/Logo-Bewegungsfreiheit-3.png\" alt=\"\">\n\n<\/div>\n<\/div>\n<\/div>\n<\/div>","protected":false},"excerpt":{"rendered":"<p>Das Event Eure Gesundheit liegt uns sehr am Herzen, deshalb haben wir vergangenes Jahr die Octapharma V-Challenge ins Leben gerufen. Gemeinsam wollen wir einander motivieren, fit und vital zu bleiben und im Zuge der Challenge gemeinsam die Welt bereisen. Es gibt drei Disziplinen und jeder zur\u00fcckgelegte Kilometer z\u00e4hlt. Nach Ablauf der Challenge werden die besten&hellip; <br \/> <a class=\"button small blue\" href=\"https:\/\/www.v-challenge.at\/index.php\/2021\/05\/04\/hallo-welt\/\">Weiterlesen<\/a><\/p>\n","protected":false},"author":1,"featured_media":0,"parent":0,"menu_order":0,"comment_status":"closed","ping_status":"closed","template":"","meta":{"footnotes":""},"class_list":["post-13","page","type-page","status-publish","hentry"],"_links":{"self":[{"href":"https:\/\/www.v-challenge.at\/index.php\/wp-json\/wp\/v2\/pages\/13","targetHints":{"allow":["GET"]}}],"collection":[{"href":"https:\/\/www.v-challenge.at\/index.php\/wp-json\/wp\/v2\/pages"}],"about":[{"href":"https:\/\/www.v-challenge.at\/index.php\/wp-json\/wp\/v2\/types\/page"}],"author":[{"embeddable":true,"href":"https:\/\/www.v-challenge.at\/index.php\/wp-json\/wp\/v2\/users\/1"}],"replies":[{"embeddable":true,"href":"https:\/\/www.v-challenge.at\/index.php\/wp-json\/wp\/v2\/comments?post=13"}],"version-history":[{"count":138,"href":"https:\/\/www.v-challenge.at\/index.php\/wp-json\/wp\/v2\/pages\/13\/revisions"}],"predecessor-version":[{"id":393,"href":"https:\/\/www.v-challenge.at\/index.php\/wp-json\/wp\/v2\/pages\/13\/revisions\/393"}],"wp:attachment":[{"href":"https:\/\/www.v-challenge.at\/index.php\/wp-json\/wp\/v2\/media?parent=13"}],"curies":[{"name":"wp","href":"https:\/\/api.w.org\/{rel}","templated":true}]}}